{"id":19256,"date":"2023-12-19T18:59:45","date_gmt":"2023-12-19T17:59:45","guid":{"rendered":"https:\/\/swiss-cro.hr\/about-the-programme__trashed\/projects\/promotion-of-tenure-track-model\/"},"modified":"2024-10-18T10:56:28","modified_gmt":"2024-10-18T08:56:28","slug":"promotion-of-tenure-track-model","status":"publish","type":"page","link":"https:\/\/swiss-cro.hr\/en\/the-first-swiss-contribution\/projects\/promotion-of-tenure-track-model\/","title":{"rendered":"Program of Excellence in Higher Education \u2013 &#8220;Tenure-track&#8221;"},"content":{"rendered":"\t\t<div data-elementor-type=\"wp-page\" data-elementor-id=\"19256\" class=\"elementor elementor-19256 elementor-19062\">\n\t\t\t\t\t\t<section class=\"elementor-section elementor-top-section elementor-element elementor-element-f23fac0 elementor-section-boxed elementor-section-height-default elementor-section-height-default\" data-id=\"f23fac0\" data-element_type=\"section\" data-e-type=\"section\">\n\t\t\t\t\t\t<div class=\"elementor-container elementor-column-gap-default\">\n\t\t\t\t\t<div class=\"elementor-column elementor-col-100 elementor-top-column elementor-element elementor-element-f875e51\" data-id=\"f875e51\" data-element_type=\"column\" data-e-type=\"column\">\n\t\t\t<div class=\"elementor-widget-wrap\">\n\t\t\t\t\t\t\t<\/div>\n\t\t<\/div>\n\t\t\t\t\t<\/div>\n\t\t<\/section>\n\t\t\t\t<section class=\"elementor-section elementor-top-section elementor-element elementor-element-76ff9cf elementor-section-boxed elementor-section-height-default elementor-section-height-default\" data-id=\"76ff9cf\" data-element_type=\"section\" data-e-type=\"section\">\n\t\t\t\t\t\t<div class=\"elementor-container elementor-column-gap-default\">\n\t\t\t\t\t<div class=\"elementor-column elementor-col-66 elementor-top-column elementor-element elementor-element-58236a0\" data-id=\"58236a0\" data-element_type=\"column\" data-e-type=\"column\">\n\t\t\t<div class=\"elementor-widget-wrap elementor-element-populated\">\n\t\t\t\t\t\t<div class=\"elementor-element elementor-element-7dd01e5 elementor-widget elementor-widget-image\" data-id=\"7dd01e5\" data-element_type=\"widget\" data-e-type=\"widget\" data-widget_type=\"image.default\">\n\t\t\t\t<div class=\"elementor-widget-container\">\n\t\t\t\t\t\t\t\t\t\t\t\t\t\t\t<img fetchpriority=\"high\" decoding=\"async\" width=\"2000\" height=\"800\" src=\"https:\/\/swiss-cro.hr\/wp-content\/uploads\/2024\/01\/1-tenure-track.jpg\" class=\"attachment-full size-full wp-image-19991\" alt=\"\" srcset=\"https:\/\/swiss-cro.hr\/wp-content\/uploads\/2024\/01\/1-tenure-track.jpg 2000w, https:\/\/swiss-cro.hr\/wp-content\/uploads\/2024\/01\/1-tenure-track-300x120.jpg 300w, https:\/\/swiss-cro.hr\/wp-content\/uploads\/2024\/01\/1-tenure-track-1024x410.jpg 1024w, https:\/\/swiss-cro.hr\/wp-content\/uploads\/2024\/01\/1-tenure-track-768x307.jpg 768w, https:\/\/swiss-cro.hr\/wp-content\/uploads\/2024\/01\/1-tenure-track-1536x614.jpg 1536w\" sizes=\"(max-width: 2000px) 100vw, 2000px\" \/>\t\t\t\t\t\t\t\t\t\t\t\t\t\t\t<\/div>\n\t\t\t\t<\/div>\n\t\t\t\t<div class=\"elementor-element elementor-element-37b517c elementor-widget elementor-widget-text-editor\" data-id=\"37b517c\" data-element_type=\"widget\" data-e-type=\"widget\" data-widget_type=\"text-editor.default\">\n\t\t\t\t<div class=\"elementor-widget-container\">\n\t\t\t\t\t\t\t\t\t<p><b>Through the project, research teams of young scientists are funded with the aim of their long-term employment. Three research groups are funded over a period of 5 years. Two subprojects are implemented at the Ru\u0111er Bo\u0161kovi\u0107 Institute, and one at the Faculty of Science, University of Zagreb. As part of the project, a new model of career development was also presented based on clear and internationally competitive and comparable merit-based criteria.   <\/b><\/p>\n\t\t\t\t\t\t\t\t<\/div>\n\t\t\t\t<\/div>\n\t\t\t\t<div class=\"elementor-element elementor-element-c59f8b9 elementor-widget elementor-widget-text-editor\" data-id=\"c59f8b9\" data-element_type=\"widget\" data-e-type=\"widget\" data-widget_type=\"text-editor.default\">\n\t\t\t\t<div class=\"elementor-widget-container\">\n\t\t\t\t\t\t\t\t\t<p><strong>FINANCIAL VALUE OF THE PROJECT:<\/strong><\/p><p>Total project value: CHF 4,17 million <br \/>Swiss contribution: CHF 3,50 million <br \/>National co-financing: CHF 0,67 million<\/p>\t\t\t\t\t\t\t\t<\/div>\n\t\t\t\t<\/div>\n\t\t\t\t<div class=\"elementor-element elementor-element-e392dc2 elementor-widget elementor-widget-progress\" data-id=\"e392dc2\" data-element_type=\"widget\" data-e-type=\"widget\" data-widget_type=\"progress.default\">\n\t\t\t\t<div class=\"elementor-widget-container\">\n\t\t\t\t\t\t\t\t<span class=\"elementor-title\" id=\"elementor-progress-bar-e392dc2\">\n\t\t\t\tSwiss contribution: CHF 3,50 million\t\t\t<\/span>\n\t\t\n\t\t<div aria-labelledby=\"elementor-progress-bar-e392dc2\" class=\"elementor-progress-wrapper\" role=\"progressbar\" aria-valuemin=\"0\" aria-valuemax=\"100\" aria-valuenow=\"85\">\n\t\t\t<div class=\"elementor-progress-bar\" data-max=\"85\">\n\t\t\t\t<span class=\"elementor-progress-text\"><\/span>\n\t\t\t\t\t\t\t\t\t<span class=\"elementor-progress-percentage\">85%<\/span>\n\t\t\t\t\t\t\t<\/div>\n\t\t<\/div>\n\t\t\t\t\t\t<\/div>\n\t\t\t\t<\/div>\n\t\t\t\t<div class=\"elementor-element elementor-element-a2738a3 elementor-widget elementor-widget-progress\" data-id=\"a2738a3\" data-element_type=\"widget\" data-e-type=\"widget\" data-widget_type=\"progress.default\">\n\t\t\t\t<div class=\"elementor-widget-container\">\n\t\t\t\t\t\t\t\t<span class=\"elementor-title\" id=\"elementor-progress-bar-a2738a3\">\n\t\t\t\tNational co-financing: CHF 0,67 million\t\t\t<\/span>\n\t\t\n\t\t<div aria-labelledby=\"elementor-progress-bar-a2738a3\" class=\"elementor-progress-wrapper\" role=\"progressbar\" aria-valuemin=\"0\" aria-valuemax=\"100\" aria-valuenow=\"15\">\n\t\t\t<div class=\"elementor-progress-bar\" data-max=\"15\">\n\t\t\t\t<span class=\"elementor-progress-text\"><\/span>\n\t\t\t\t\t\t\t\t\t<span class=\"elementor-progress-percentage\">15%<\/span>\n\t\t\t\t\t\t\t<\/div>\n\t\t<\/div>\n\t\t\t\t\t\t<\/div>\n\t\t\t\t<\/div>\n\t\t\t\t<div class=\"elementor-element elementor-element-460cfbe3 elementor-widget elementor-widget-text-editor\" data-id=\"460cfbe3\" data-element_type=\"widget\" data-e-type=\"widget\" data-widget_type=\"text-editor.default\">\n\t\t\t\t<div class=\"elementor-widget-container\">\n\t\t\t\t\t\t\t\t\t<p><strong>WHO IS ELIGIBLE FOR FINANCING:<\/strong><br \/>Beneficiaries of the Tenure Track Pilot Programme are top young researchers who have shown a significant level of quality in their work. Funding is eligible for scientific areas of natural sciences: electronic engineering, information technology, chemistry, physics, neuroscience, biology. Interdisciplinary project proposals are welcomed.<\/p><p><strong>PROJECT DURATION:<\/strong> <br \/>2017 &#8211; 2024<\/p><p><strong>TARGET GROUPS:<\/strong><br \/>Researchers and scientists<\/p>\t\t\t\t\t\t\t\t<\/div>\n\t\t\t\t<\/div>\n\t\t\t\t<div class=\"elementor-element elementor-element-231c9c90 elementor-view-default elementor-position-block-start elementor-mobile-position-block-start elementor-widget elementor-widget-icon-box\" data-id=\"231c9c90\" data-element_type=\"widget\" data-e-type=\"widget\" data-widget_type=\"icon-box.default\">\n\t\t\t\t<div class=\"elementor-widget-container\">\n\t\t\t\t\t\t\t<div class=\"elementor-icon-box-wrapper\">\n\n\t\t\t\t\t\t<div class=\"elementor-icon-box-icon\">\n\t\t\t\t<span  class=\"elementor-icon elementor-animation-grow\">\n\t\t\t\t<i aria-hidden=\"true\" class=\"far fa-dot-circle\"><\/i>\t\t\t\t<\/span>\n\t\t\t<\/div>\n\t\t\t\n\t\t\t\t\t\t<div class=\"elementor-icon-box-content\">\n\n\t\t\t\t\t\t\t\t\t<h3 class=\"elementor-icon-box-title\">\n\t\t\t\t\t\t<span  >\n\t\t\t\t\t\t\tProject objective and results \t\t\t\t\t\t<\/span>\n\t\t\t\t\t<\/h3>\n\t\t\t\t\n\t\t\t\t\n\t\t\t<\/div>\n\t\t\t\n\t\t<\/div>\n\t\t\t\t\t\t<\/div>\n\t\t\t\t<\/div>\n\t\t\t\t<div class=\"elementor-element elementor-element-7fef5bfc elementor-widget elementor-widget-text-editor\" data-id=\"7fef5bfc\" data-element_type=\"widget\" data-e-type=\"widget\" data-widget_type=\"text-editor.default\">\n\t\t\t\t<div class=\"elementor-widget-container\">\n\t\t\t\t\t\t\t\t\t<p><strong>OBJECTIVE:<\/strong> Providing support to excellent young scientists in establishing an independent research group and a long-term scientific career in Croatia.<\/p><p><strong>RESULTS:<\/strong> Through the project, research teams of young scientists were financed with the aim of their long-term employment. As part of the project, three research groups were funded over a period of 5 years. Two sub-projects were carried out at the Ru\u0111er Bo\u0161kovi\u0107 Institute, and one at the Faculty of Science, University of Zagreb. The Faculty of Science&#8217;s project Exotic Nuclear Structure and Dynamics (ExoNSD) investigated the processes inside the nucleus of an atom. The Ru\u0111er Bo\u0161kovi\u0107 Institute&#8217;s project, Evolution in the Dark (EvoDark), studied the evolutionary processes of cave organisms, while the Mining the Variable Sky (MVS) project participated in collecting data on our galaxy and mapping the universe. Through the project, membership in research groups has been established, articles have been published in international journals and several informal collaborations with foreign institutions have been established. The project also presented a new model of career development based on clear and internationally competitive and comparable merit-based criteria, which was made possible by the adoption of two new laws &#8211; the Act on Higher Education and Financial Activity and the Act on Quality Assurance in Higher Education and Science.<\/p>\t\t\t\t\t\t\t\t<\/div>\n\t\t\t\t<\/div>\n\t\t\t\t<div class=\"elementor-element elementor-element-16169590 elementor-view-default elementor-position-block-start elementor-mobile-position-block-start elementor-widget elementor-widget-icon-box\" data-id=\"16169590\" data-element_type=\"widget\" data-e-type=\"widget\" data-widget_type=\"icon-box.default\">\n\t\t\t\t<div class=\"elementor-widget-container\">\n\t\t\t\t\t\t\t<div class=\"elementor-icon-box-wrapper\">\n\n\t\t\t\t\t\t<div class=\"elementor-icon-box-icon\">\n\t\t\t\t<span  class=\"elementor-icon elementor-animation-grow\">\n\t\t\t\t<i aria-hidden=\"true\" class=\"fas fa-users-cog\"><\/i>\t\t\t\t<\/span>\n\t\t\t<\/div>\n\t\t\t\n\t\t\t\t\t\t<div class=\"elementor-icon-box-content\">\n\n\t\t\t\t\t\t\t\t\t<h3 class=\"elementor-icon-box-title\">\n\t\t\t\t\t\t<span  >\n\t\t\t\t\t\t\tResposible public bodies\/contacts:\t\t\t\t\t\t<\/span>\n\t\t\t\t\t<\/h3>\n\t\t\t\t\n\t\t\t\t\n\t\t\t<\/div>\n\t\t\t\n\t\t<\/div>\n\t\t\t\t\t\t<\/div>\n\t\t\t\t<\/div>\n\t\t\t\t<div class=\"elementor-element elementor-element-2cb1a0e7 elementor-widget elementor-widget-text-editor\" data-id=\"2cb1a0e7\" data-element_type=\"widget\" data-e-type=\"widget\" data-widget_type=\"text-editor.default\">\n\t\t\t\t<div class=\"elementor-widget-container\">\n\t\t\t\t\t\t\t\t\t<p><b>Executive Agency:<\/b><br \/>Croatian Science Foundation<br \/>Ilica 24, 10000 Zagreb<\/p>\n<p>Department for International Programs and Funds<\/p>\n<p><strong>tel:<\/strong> +385 1 2356 604<br \/><strong>e-mail:<\/strong> <a href=\"mailto:jasminka@hrzz.hr\">jasminka@hrzz.hr<\/a><\/p>\n<p><b>Intermediate body:<\/b><br \/>Ministry for Science and Education<br \/>Donje Svetice 38, 10000 Zagreb<br \/>Directorate of Science and Technology<\/p>\n<p><strong>tel:<\/strong> +385 1 4594 341<br \/><strong>e-mail:<\/strong> <a href=\"mailto:znanost@mzo.hr\">znanost@mzo.hr<\/a><\/p>\n<p><strong>Swiss project partner: <\/strong> Federal Polytechnic School in Lausanne (Ecole Polytechnique F\u00e9d\u00e9rale de Lausanne &#8211; EPFL)<\/p>\n<p><strong>National Coordination Unit:<br \/><\/strong>Ministry of Regional Development and EU Funds<br \/>Miramarska cesta 22, 10000 Zagreb<\/p>\n<p><strong>tel:<\/strong> +385 1 6400 600<br \/><strong>e-mail:<\/strong> <a href=\"mailto:ncu@mrrfeu.hr\">ncu@mrrfeu.hr<\/a><\/p>\n\t\t\t\t\t\t\t\t<\/div>\n\t\t\t\t<\/div>\n\t\t\t\t\t<\/div>\n\t\t<\/div>\n\t\t\t\t<div class=\"elementor-column elementor-col-33 elementor-top-column elementor-element elementor-element-6960092\" data-id=\"6960092\" data-element_type=\"column\" data-e-type=\"column\">\n\t\t\t<div class=\"elementor-widget-wrap\">\n\t\t\t\t\t\t\t<\/div>\n\t\t<\/div>\n\t\t\t\t\t<\/div>\n\t\t<\/section>\n\t\t\t\t<section class=\"elementor-section elementor-top-section elementor-element elementor-element-54d906ce elementor-section-content-middle elementor-section-boxed elementor-section-height-default elementor-section-height-default\" data-id=\"54d906ce\" data-element_type=\"section\" data-e-type=\"section\" data-settings=\"{&quot;background_background&quot;:&quot;classic&quot;}\">\n\t\t\t\t\t\t<div class=\"elementor-container elementor-column-gap-no\">\n\t\t\t\t\t<div class=\"elementor-column elementor-col-100 elementor-top-column elementor-element elementor-element-14fcbe64\" data-id=\"14fcbe64\" data-element_type=\"column\" data-e-type=\"column\">\n\t\t\t<div class=\"elementor-widget-wrap elementor-element-populated\">\n\t\t\t\t\t\t<section class=\"elementor-section elementor-inner-section elementor-element elementor-element-54563de5 elementor-section-boxed elementor-section-height-default elementor-section-height-default\" data-id=\"54563de5\" data-element_type=\"section\" data-e-type=\"section\">\n\t\t\t\t\t\t<div class=\"elementor-container elementor-column-gap-default\">\n\t\t\t\t\t<div class=\"elementor-column elementor-col-50 elementor-inner-column elementor-element elementor-element-5160c5ad\" data-id=\"5160c5ad\" data-element_type=\"column\" data-e-type=\"column\">\n\t\t\t<div class=\"elementor-widget-wrap elementor-element-populated\">\n\t\t\t\t\t\t<div class=\"elementor-element elementor-element-20b4657c elementor-view-default elementor-position-block-start elementor-mobile-position-block-start elementor-widget elementor-widget-icon-box\" data-id=\"20b4657c\" data-element_type=\"widget\" data-e-type=\"widget\" data-widget_type=\"icon-box.default\">\n\t\t\t\t<div class=\"elementor-widget-container\">\n\t\t\t\t\t\t\t<div class=\"elementor-icon-box-wrapper\">\n\n\t\t\t\t\t\t<div class=\"elementor-icon-box-icon\">\n\t\t\t\t<span  class=\"elementor-icon elementor-animation-grow\">\n\t\t\t\t<i aria-hidden=\"true\" class=\"fas fa-download\"><\/i>\t\t\t\t<\/span>\n\t\t\t<\/div>\n\t\t\t\n\t\t\t\t\t\t<div class=\"elementor-icon-box-content\">\n\n\t\t\t\t\t\t\t\t\t<h3 class=\"elementor-icon-box-title\">\n\t\t\t\t\t\t<span  >\n\t\t\t\t\t\t\tDownloads\t\t\t\t\t\t<\/span>\n\t\t\t\t\t<\/h3>\n\t\t\t\t\n\t\t\t\t\n\t\t\t<\/div>\n\t\t\t\n\t\t<\/div>\n\t\t\t\t\t\t<\/div>\n\t\t\t\t<\/div>\n\t\t\t\t<div class=\"elementor-element elementor-element-5af7ac86 elementor-widget elementor-widget-text-editor\" data-id=\"5af7ac86\" data-element_type=\"widget\" data-e-type=\"widget\" data-widget_type=\"text-editor.default\">\n\t\t\t\t<div class=\"elementor-widget-container\">\n\t\t\t\t\t\t\t\t\t<ul>\n<li><a href=\"https:\/\/swiss-cro.hr\/wp-content\/uploads\/2018\/03\/PiO_Program-izvrsnosti-u-visokom-obrazovanju-%E2%80%93-%E2%80%9ETenure-track%E2%80%9C.pdf\" target=\"_blank\" rel=\"noopener\">Useful information<\/a> (PDF, 274 KB)<\/li>\n<\/ul>\n\t\t\t\t\t\t\t\t<\/div>\n\t\t\t\t<\/div>\n\t\t\t\t\t<\/div>\n\t\t<\/div>\n\t\t\t\t<div class=\"elementor-column elementor-col-50 elementor-inner-column elementor-element elementor-element-1ba8a242\" data-id=\"1ba8a242\" data-element_type=\"column\" data-e-type=\"column\">\n\t\t\t<div class=\"elementor-widget-wrap elementor-element-populated\">\n\t\t\t\t\t\t<div class=\"elementor-element elementor-element-ad474da elementor-widget elementor-widget-image\" data-id=\"ad474da\" data-element_type=\"widget\" data-e-type=\"widget\" data-widget_type=\"image.default\">\n\t\t\t\t<div class=\"elementor-widget-container\">\n\t\t\t\t\t\t\t\t\t\t\t\t\t\t\t<img decoding=\"async\" width=\"300\" height=\"300\" src=\"https:\/\/swiss-cro.hr\/wp-content\/uploads\/2024\/01\/1-tenure-track-krug-300x300.jpg\" class=\"attachment-medium size-medium wp-image-19997\" alt=\"\" srcset=\"https:\/\/swiss-cro.hr\/wp-content\/uploads\/2024\/01\/1-tenure-track-krug-300x300.jpg 300w, https:\/\/swiss-cro.hr\/wp-content\/uploads\/2024\/01\/1-tenure-track-krug-150x150.jpg 150w, https:\/\/swiss-cro.hr\/wp-content\/uploads\/2024\/01\/1-tenure-track-krug.jpg 400w\" sizes=\"(max-width: 300px) 100vw, 300px\" \/>\t\t\t\t\t\t\t\t\t\t\t\t\t\t\t<\/div>\n\t\t\t\t<\/div>\n\t\t\t\t\t<\/div>\n\t\t<\/div>\n\t\t\t\t\t<\/div>\n\t\t<\/section>\n\t\t\t\t\t<\/div>\n\t\t<\/div>\n\t\t\t\t\t<\/div>\n\t\t<\/section>\n\t\t\t\t<\/div>\n\t\t","protected":false},"excerpt":{"rendered":"<p>Program of Excellence in Higher Education \u2013 &#8220;Tenure-track&#8221; Through the project, research teams of young scientists are funded with the aim of their long-term employment. Three research groups are funded over a period of 5 years. Two subprojects are implemented at the Ru\u0111er Bo\u0161kovi\u0107 Institute, and one at the Faculty of Science, University of Zagreb. [&hellip;]<\/p>\n","protected":false},"author":2,"featured_media":0,"parent":19216,"menu_order":0,"comment_status":"closed","ping_status":"closed","template":"","meta":{"site-sidebar-layout":"no-sidebar","site-content-layout":"page-builder","ast-site-content-layout":"full-width-container","site-content-style":"default","site-sidebar-style":"default","ast-global-header-display":"","ast-banner-title-visibility":"","ast-main-header-display":"","ast-hfb-above-header-display":"","ast-hfb-below-header-display":"","ast-hfb-mobile-header-display":"","site-post-title":"disabled","ast-breadcrumbs-content":"","ast-featured-img":"disabled","footer-sml-layout":"","ast-disable-related-posts":"","theme-transparent-header-meta":"default","adv-header-id-meta":"","stick-header-meta":"default","header-above-stick-meta":"","header-main-stick-meta":"","header-below-stick-meta":"","astra-migrate-meta-layouts":"default","ast-page-background-enabled":"default","ast-page-background-meta":{"desktop":{"background-color":"","background-image":"","background-repeat":"repeat","background-position":"center center","background-size":"auto","background-attachment":"scroll","background-type":"","background-media":"","overlay-type":"","overlay-color":"","overlay-opacity":"","overlay-gradient":""},"tablet":{"background-color":"","background-image":"","background-repeat":"repeat","background-position":"center center","background-size":"auto","background-attachment":"scroll","background-type":"","background-media":"","overlay-type":"","overlay-color":"","overlay-opacity":"","overlay-gradient":""},"mobile":{"background-color":"","background-image":"","background-repeat":"repeat","background-position":"center center","background-size":"auto","background-attachment":"scroll","background-type":"","background-media":"","overlay-type":"","overlay-color":"","overlay-opacity":"","overlay-gradient":""}},"ast-content-background-meta":{"desktop":{"background-color":"var(--ast-global-color-5)","background-image":"","background-repeat":"repeat","background-position":"center center","background-size":"auto","background-attachment":"scroll","background-type":"","background-media":"","overlay-type":"","overlay-color":"","overlay-opacity":"","overlay-gradient":""},"tablet":{"background-color":"var(--ast-global-color-5)","background-image":"","background-repeat":"repeat","background-position":"center center","background-size":"auto","background-attachment":"scroll","background-type":"","background-media":"","overlay-type":"","overlay-color":"","overlay-opacity":"","overlay-gradient":""},"mobile":{"background-color":"var(--ast-global-color-5)","background-image":"","background-repeat":"repeat","background-position":"center center","background-size":"auto","background-attachment":"scroll","background-type":"","background-media":"","overlay-type":"","overlay-color":"","overlay-opacity":"","overlay-gradient":""}},"footnotes":""},"class_list":["post-19256","page","type-page","status-publish","hentry"],"_links":{"self":[{"href":"https:\/\/swiss-cro.hr\/en\/wp-json\/wp\/v2\/pages\/19256","targetHints":{"allow":["GET"]}}],"collection":[{"href":"https:\/\/swiss-cro.hr\/en\/wp-json\/wp\/v2\/pages"}],"about":[{"href":"https:\/\/swiss-cro.hr\/en\/wp-json\/wp\/v2\/types\/page"}],"author":[{"embeddable":true,"href":"https:\/\/swiss-cro.hr\/en\/wp-json\/wp\/v2\/users\/2"}],"replies":[{"embeddable":true,"href":"https:\/\/swiss-cro.hr\/en\/wp-json\/wp\/v2\/comments?post=19256"}],"version-history":[{"count":12,"href":"https:\/\/swiss-cro.hr\/en\/wp-json\/wp\/v2\/pages\/19256\/revisions"}],"predecessor-version":[{"id":21549,"href":"https:\/\/swiss-cro.hr\/en\/wp-json\/wp\/v2\/pages\/19256\/revisions\/21549"}],"up":[{"embeddable":true,"href":"https:\/\/swiss-cro.hr\/en\/wp-json\/wp\/v2\/pages\/19216"}],"wp:attachment":[{"href":"https:\/\/swiss-cro.hr\/en\/wp-json\/wp\/v2\/media?parent=19256"}],"curies":[{"name":"wp","href":"https:\/\/api.w.org\/{rel}","templated":true}]}}